{"id":77,"date":"2024-05-07T17:40:03","date_gmt":"2024-05-07T15:40:03","guid":{"rendered":"http:\/\/hosting2394593.online.pro\/autoinstalator\/wordpress7\/?page_id=77"},"modified":"2024-09-30T08:49:26","modified_gmt":"2024-09-30T06:49:26","slug":"samorzad-uczniowski","status":"publish","type":"page","link":"http:\/\/spwrzosowo.pl\/index.php\/samorzad-uczniowski\/","title":{"rendered":"Samorz\u0105d Uczniowski"},"content":{"rendered":"\n<p class=\"has-text-align-center\"><strong>SAMORZ\u0104D UCZNIOWSKI SZKO\u0141Y PODSTAWOWEJ WE WRZOSOWIE 2024\/202<\/strong>5<\/p>\n\n\n\n<p class=\"has-text-align-center\">Przewodnicz\u0105ca Samorz\u0105du Szkolnego- Amelia Mo\u0107ko kl. VI<br>Zast\u0119pca Przewodnicz\u0105cego Samorz\u0105du- Jan Jaruzel kl. VIII<br>Sekretarz- Julia Kulbicka kl. V<br>Sekcja d\/s kultury- Maria Naborowska kl. VII<\/p>\n\n\n\n<p class=\"has-text-align-center\">Sekcja d\/s porz\u0105dku- Malwina Witkowska kl. VIII<\/p>\n\n\n\n<p class=\"has-text-align-center\"><br><br>Opiekunowie: pani Wioletta Burtowy, pani Anna Ka\u017amierczak-Zieli\u0144ska<\/p>\n","protected":false},"excerpt":{"rendered":"<p>SAMORZ\u0104D UCZNIOWSKI SZKO\u0141Y PODSTAWOWEJ WE WRZOSOWIE 2024\/2025 Przewodnicz\u0105ca Samorz\u0105du Szkolnego- Amelia Mo\u0107ko kl. VIZast\u0119pca Przewodnicz\u0105cego Samorz\u0105du- Jan Jaruzel kl. VIIISekretarz- Julia Kulbicka kl. VSekcja d\/s kultury- Maria Naborowska kl. VII Sekcja d\/s porz\u0105dku- Malwina Witkowska kl. VIII Opiekunowie: pani Wioletta Burtowy, pani Anna Ka\u017amierczak-Zieli\u0144ska<\/p>\n","protected":false},"author":1,"featured_media":0,"parent":0,"menu_order":0,"comment_status":"closed","ping_status":"closed","template":"","meta":{"footnotes":""},"class_list":["post-77","page","type-page","status-publish","hentry"],"_links":{"self":[{"href":"http:\/\/spwrzosowo.pl\/index.php\/wp-json\/wp\/v2\/pages\/77","targetHints":{"allow":["GET"]}}],"collection":[{"href":"http:\/\/spwrzosowo.pl\/index.php\/wp-json\/wp\/v2\/pages"}],"about":[{"href":"http:\/\/spwrzosowo.pl\/index.php\/wp-json\/wp\/v2\/types\/page"}],"author":[{"embeddable":true,"href":"http:\/\/spwrzosowo.pl\/index.php\/wp-json\/wp\/v2\/users\/1"}],"replies":[{"embeddable":true,"href":"http:\/\/spwrzosowo.pl\/index.php\/wp-json\/wp\/v2\/comments?post=77"}],"version-history":[{"count":3,"href":"http:\/\/spwrzosowo.pl\/index.php\/wp-json\/wp\/v2\/pages\/77\/revisions"}],"predecessor-version":[{"id":756,"href":"http:\/\/spwrzosowo.pl\/index.php\/wp-json\/wp\/v2\/pages\/77\/revisions\/756"}],"wp:attachment":[{"href":"http:\/\/spwrzosowo.pl\/index.php\/wp-json\/wp\/v2\/media?parent=77"}],"curies":[{"name":"wp","href":"https:\/\/api.w.org\/{rel}","templated":true}]}}