{"id":74,"date":"2024-05-07T17:39:30","date_gmt":"2024-05-07T15:39:30","guid":{"rendered":"http:\/\/hosting2394593.online.pro\/autoinstalator\/wordpress7\/?page_id=74"},"modified":"2025-09-09T10:36:50","modified_gmt":"2025-09-09T08:36:50","slug":"psychologa-szkolnego","status":"publish","type":"page","link":"http:\/\/spwrzosowo.pl\/index.php\/psychologa-szkolnego\/","title":{"rendered":"Psycholog szkolny"},"content":{"rendered":"\n<h2 class=\"wp-block-heading has-text-align-center\"><strong> mgr Aleksandra Kuffel<\/strong><\/h2>\n\n\n\n<figure class=\"wp-block-table\"><table><tbody><tr><td class=\"has-text-align-center\" data-align=\"center\">poniedzia\u0142ek<\/td><td class=\"has-text-align-center\" data-align=\"center\">wtorek<\/td><td class=\"has-text-align-center\" data-align=\"center\">\u015broda<\/td><td class=\"has-text-align-center\" data-align=\"center\">czwartek<\/td><td class=\"has-text-align-center\" data-align=\"center\">pi\u0105tek<\/td><\/tr><tr><td class=\"has-text-align-center\" data-align=\"center\">&#8211;<\/td><td class=\"has-text-align-center\" data-align=\"center\">08.30-13.30<\/td><td class=\"has-text-align-center\" data-align=\"center\">&#8211;<\/td><td class=\"has-text-align-center\" data-align=\"center\">08.30-13.30<\/td><td class=\"has-text-align-center\" data-align=\"center\">&#8211;<\/td><\/tr><\/tbody><\/table><\/figure>\n\n\n\n<p><\/p>\n","protected":false},"excerpt":{"rendered":"<p>mgr Aleksandra Kuffel poniedzia\u0142ek wtorek \u015broda czwartek pi\u0105tek &#8211; 08.30-13.30 &#8211; 08.30-13.30 &#8211;<\/p>\n","protected":false},"author":1,"featured_media":0,"parent":0,"menu_order":0,"comment_status":"closed","ping_status":"closed","template":"","meta":{"footnotes":""},"class_list":["post-74","page","type-page","status-publish","hentry"],"_links":{"self":[{"href":"http:\/\/spwrzosowo.pl\/index.php\/wp-json\/wp\/v2\/pages\/74","targetHints":{"allow":["GET"]}}],"collection":[{"href":"http:\/\/spwrzosowo.pl\/index.php\/wp-json\/wp\/v2\/pages"}],"about":[{"href":"http:\/\/spwrzosowo.pl\/index.php\/wp-json\/wp\/v2\/types\/page"}],"author":[{"embeddable":true,"href":"http:\/\/spwrzosowo.pl\/index.php\/wp-json\/wp\/v2\/users\/1"}],"replies":[{"embeddable":true,"href":"http:\/\/spwrzosowo.pl\/index.php\/wp-json\/wp\/v2\/comments?post=74"}],"version-history":[{"count":7,"href":"http:\/\/spwrzosowo.pl\/index.php\/wp-json\/wp\/v2\/pages\/74\/revisions"}],"predecessor-version":[{"id":3248,"href":"http:\/\/spwrzosowo.pl\/index.php\/wp-json\/wp\/v2\/pages\/74\/revisions\/3248"}],"wp:attachment":[{"href":"http:\/\/spwrzosowo.pl\/index.php\/wp-json\/wp\/v2\/media?parent=74"}],"curies":[{"name":"wp","href":"https:\/\/api.w.org\/{rel}","templated":true}]}}