{"id":62,"date":"2024-05-07T17:33:35","date_gmt":"2024-05-07T15:33:35","guid":{"rendered":"http:\/\/hosting2394593.online.pro\/autoinstalator\/wordpress7\/?page_id=62"},"modified":"2024-09-12T13:15:20","modified_gmt":"2024-09-12T11:15:20","slug":"pedagog","status":"publish","type":"page","link":"http:\/\/spwrzosowo.pl\/index.php\/pedagog\/","title":{"rendered":"Pedagog specjalny"},"content":{"rendered":"\n<h2 class=\"wp-block-heading has-text-align-center\"><strong><strong>mgr Anna Kazimierska-Zieli\u0144ska<\/strong><\/strong><\/h2>\n\n\n\n<figure class=\"wp-block-table\"><table><tbody><tr><td class=\"has-text-align-center\" data-align=\"center\">poniedzia\u0142ek<\/td><td class=\"has-text-align-center\" data-align=\"center\">wtorek<\/td><td class=\"has-text-align-center\" data-align=\"center\">\u015broda<\/td><td class=\"has-text-align-center\" data-align=\"center\">czwartek<\/td><td class=\"has-text-align-center\" data-align=\"center\">pi\u0105tek<\/td><\/tr><tr><td class=\"has-text-align-center\" data-align=\"center\">11:40-15:40<\/td><td class=\"has-text-align-center\" data-align=\"center\">11:40-12:40<\/td><td class=\"has-text-align-center\" data-align=\"center\">12:40- 13:40<\/td><td class=\"has-text-align-center\" data-align=\"center\">9:40- 10:40, 11:40-13:40<\/td><td class=\"has-text-align-center\" data-align=\"center\">11:40- 12:40<\/td><\/tr><\/tbody><\/table><\/figure>\n\n\n\n<p><\/p>\n","protected":false},"excerpt":{"rendered":"<p>mgr Anna Kazimierska-Zieli\u0144ska poniedzia\u0142ek wtorek \u015broda czwartek pi\u0105tek 11:40-15:40 11:40-12:40 12:40- 13:40 9:40- 10:40, 11:40-13:40 11:40- 12:40<\/p>\n","protected":false},"author":1,"featured_media":0,"parent":0,"menu_order":0,"comment_status":"closed","ping_status":"closed","template":"","meta":{"footnotes":""},"class_list":["post-62","page","type-page","status-publish","hentry"],"_links":{"self":[{"href":"http:\/\/spwrzosowo.pl\/index.php\/wp-json\/wp\/v2\/pages\/62","targetHints":{"allow":["GET"]}}],"collection":[{"href":"http:\/\/spwrzosowo.pl\/index.php\/wp-json\/wp\/v2\/pages"}],"about":[{"href":"http:\/\/spwrzosowo.pl\/index.php\/wp-json\/wp\/v2\/types\/page"}],"author":[{"embeddable":true,"href":"http:\/\/spwrzosowo.pl\/index.php\/wp-json\/wp\/v2\/users\/1"}],"replies":[{"embeddable":true,"href":"http:\/\/spwrzosowo.pl\/index.php\/wp-json\/wp\/v2\/comments?post=62"}],"version-history":[{"count":9,"href":"http:\/\/spwrzosowo.pl\/index.php\/wp-json\/wp\/v2\/pages\/62\/revisions"}],"predecessor-version":[{"id":622,"href":"http:\/\/spwrzosowo.pl\/index.php\/wp-json\/wp\/v2\/pages\/62\/revisions\/622"}],"wp:attachment":[{"href":"http:\/\/spwrzosowo.pl\/index.php\/wp-json\/wp\/v2\/media?parent=62"}],"curies":[{"name":"wp","href":"https:\/\/api.w.org\/{rel}","templated":true}]}}