{"id":4994,"date":"2026-05-09T04:22:19","date_gmt":"2026-05-09T02:22:19","guid":{"rendered":"http:\/\/spwrzosowo.pl\/?page_id=4994"},"modified":"2026-05-09T04:22:19","modified_gmt":"2026-05-09T02:22:19","slug":"egzaminy-8-klas","status":"publish","type":"page","link":"http:\/\/spwrzosowo.pl\/index.php\/egzaminy-8-klas\/","title":{"rendered":"Egzaminy 8 klas"},"content":{"rendered":"\n<p class=\"has-text-align-center\">Dowozy na czas egzamin\u00f3w 8 klas.<\/p>\n\n\n\n<p class=\"has-text-align-center\">Dowozy<\/p>\n\n\n\n<p class=\"has-text-align-center\">Szko\u0142a Podstawowa im. Ignacego \u0141ukasiewicza we Wrzosowie<\/p>\n\n\n\n<p class=\"has-text-align-center\">W dniach 11, 12, 13 maja 2026r.<br>Egzamin \u00d3smoklasisty<\/p>\n\n\n\n<p class=\"has-text-align-center\">Dowozy &#8211; Gimbus<br>W\u0142o\u015bcib\u00f3rz \u2013 7.00<br>Piotrowice \u2013 6.55<br>K\u0142opotowo \u2013 6.50<br>Jazy\/Ja\u017cd\u017ce \u2013 7.20<br>\u0141ykowo \u2013 7.30<br>Skocz\u00f3w \u2013 7.40<br>SP Wrzosowo \u2013 7.45<\/p>\n\n\n\n<p class=\"has-text-align-center\">Odw\u00f3z po zako\u0144czeniu egzamin\u00f3w.<\/p>\n","protected":false},"excerpt":{"rendered":"<p>Dowozy na czas egzamin\u00f3w 8 klas. Dowozy Szko\u0142a Podstawowa im. Ignacego \u0141ukasiewicza we Wrzosowie W dniach 11, 12, 13 maja 2026r.Egzamin \u00d3smoklasisty Dowozy &#8211; GimbusW\u0142o\u015bcib\u00f3rz \u2013 7.00Piotrowice \u2013 6.55K\u0142opotowo \u2013 6.50Jazy\/Ja\u017cd\u017ce \u2013 7.20\u0141ykowo \u2013 7.30Skocz\u00f3w \u2013 7.40SP Wrzosowo \u2013 7.45 Odw\u00f3z po zako\u0144czeniu egzamin\u00f3w.<\/p>\n","protected":false},"author":1,"featured_media":0,"parent":0,"menu_order":0,"comment_status":"closed","ping_status":"closed","template":"","meta":{"footnotes":""},"class_list":["post-4994","page","type-page","status-publish","hentry"],"_links":{"self":[{"href":"http:\/\/spwrzosowo.pl\/index.php\/wp-json\/wp\/v2\/pages\/4994","targetHints":{"allow":["GET"]}}],"collection":[{"href":"http:\/\/spwrzosowo.pl\/index.php\/wp-json\/wp\/v2\/pages"}],"about":[{"href":"http:\/\/spwrzosowo.pl\/index.php\/wp-json\/wp\/v2\/types\/page"}],"author":[{"embeddable":true,"href":"http:\/\/spwrzosowo.pl\/index.php\/wp-json\/wp\/v2\/users\/1"}],"replies":[{"embeddable":true,"href":"http:\/\/spwrzosowo.pl\/index.php\/wp-json\/wp\/v2\/comments?post=4994"}],"version-history":[{"count":1,"href":"http:\/\/spwrzosowo.pl\/index.php\/wp-json\/wp\/v2\/pages\/4994\/revisions"}],"predecessor-version":[{"id":4997,"href":"http:\/\/spwrzosowo.pl\/index.php\/wp-json\/wp\/v2\/pages\/4994\/revisions\/4997"}],"wp:attachment":[{"href":"http:\/\/spwrzosowo.pl\/index.php\/wp-json\/wp\/v2\/media?parent=4994"}],"curies":[{"name":"wp","href":"https:\/\/api.w.org\/{rel}","templated":true}]}}