{"id":409,"date":"2024-05-08T13:48:07","date_gmt":"2024-05-08T11:48:07","guid":{"rendered":"http:\/\/spwrzosowo.pl\/?page_id=409"},"modified":"2024-10-14T08:56:32","modified_gmt":"2024-10-14T06:56:32","slug":"pedagog-szkolny","status":"publish","type":"page","link":"http:\/\/spwrzosowo.pl\/index.php\/pedagog-szkolny\/","title":{"rendered":"Pedagog szkolny"},"content":{"rendered":"\n<h2 class=\"wp-block-heading has-text-align-center\"> mgr Ewa Baran<\/h2>\n\n\n\n<figure class=\"wp-block-table\"><table><tbody><tr><td class=\"has-text-align-center\" data-align=\"center\">poniedzia\u0142ek<\/td><td class=\"has-text-align-center\" data-align=\"center\">wtorek<\/td><td class=\"has-text-align-center\" data-align=\"center\">\u015broda<\/td><td class=\"has-text-align-center\" data-align=\"center\">czwartek<\/td><td class=\"has-text-align-center\" data-align=\"center\">pi\u0105tek<\/td><\/tr><tr><td class=\"has-text-align-center\" data-align=\"center\">10:30-12:30<\/td><td class=\"has-text-align-center\" data-align=\"center\">10:30-12:30<\/td><td class=\"has-text-align-center\" data-align=\"center\">10:30-12:30<\/td><td class=\"has-text-align-center\" data-align=\"center\">10:30-12:30<\/td><td class=\"has-text-align-center\" data-align=\"center\">10:30-12:30<\/td><\/tr><\/tbody><\/table><\/figure>\n","protected":false},"excerpt":{"rendered":"<p>mgr Ewa Baran poniedzia\u0142ek wtorek \u015broda czwartek pi\u0105tek 10:30-12:30 10:30-12:30 10:30-12:30 10:30-12:30 10:30-12:30<\/p>\n","protected":false},"author":2,"featured_media":0,"parent":0,"menu_order":0,"comment_status":"closed","ping_status":"closed","template":"","meta":{"footnotes":""},"class_list":["post-409","page","type-page","status-publish","hentry"],"_links":{"self":[{"href":"http:\/\/spwrzosowo.pl\/index.php\/wp-json\/wp\/v2\/pages\/409","targetHints":{"allow":["GET"]}}],"collection":[{"href":"http:\/\/spwrzosowo.pl\/index.php\/wp-json\/wp\/v2\/pages"}],"about":[{"href":"http:\/\/spwrzosowo.pl\/index.php\/wp-json\/wp\/v2\/types\/page"}],"author":[{"embeddable":true,"href":"http:\/\/spwrzosowo.pl\/index.php\/wp-json\/wp\/v2\/users\/2"}],"replies":[{"embeddable":true,"href":"http:\/\/spwrzosowo.pl\/index.php\/wp-json\/wp\/v2\/comments?post=409"}],"version-history":[{"count":6,"href":"http:\/\/spwrzosowo.pl\/index.php\/wp-json\/wp\/v2\/pages\/409\/revisions"}],"predecessor-version":[{"id":787,"href":"http:\/\/spwrzosowo.pl\/index.php\/wp-json\/wp\/v2\/pages\/409\/revisions\/787"}],"wp:attachment":[{"href":"http:\/\/spwrzosowo.pl\/index.php\/wp-json\/wp\/v2\/media?parent=409"}],"curies":[{"name":"wp","href":"https:\/\/api.w.org\/{rel}","templated":true}]}}