{"id":30,"date":"2024-05-07T14:35:47","date_gmt":"2024-05-07T12:35:47","guid":{"rendered":"http:\/\/hosting2394593.online.pro\/autoinstalator\/wordpress7\/?page_id=30"},"modified":"2024-08-30T11:56:48","modified_gmt":"2024-08-30T09:56:48","slug":"lista-nauczycieli-sp-wrzosowo-na-rok-szkolny-2023-2024","status":"publish","type":"page","link":"http:\/\/spwrzosowo.pl\/index.php\/lista-nauczycieli-sp-wrzosowo-na-rok-szkolny-2023-2024\/","title":{"rendered":"Lista nauczycieli SP Wrzosowo na rok szkolny 2024-2025"},"content":{"rendered":"\n<ol class=\"wp-block-list\">\n<li>Pani Halina G\u0142awdzin \u2013 grupa 3 latki oddzia\u0142y przedszkolne<\/li>\n\n\n\n<li>P. Ma\u0142gorzata Bochniak \u2013 grupa 4 latki oddzia\u0142y przedszkolne<\/li>\n\n\n\n<li>Pani Marlena Zdziob\u0142o \u2013 grupa przedszkolna 5-latki w szkole<\/li>\n\n\n\n<li>Pani Marta Liberacka-Sobczyk \u2013 grupa przedszkolna\u00a0 6 \u2013 latki w szkole<\/li>\n\n\n\n<li>Pani Ma\u0142gorzata Pluta\u2013 wychowawca klasy 1, plastyka, muzyka<\/li>\n\n\n\n<li>Pani El\u017cbieta Klechowicz \u2013 wychowawca klasy 2<\/li>\n\n\n\n<li>Pani Magdalena Kulbicka \u2013 wychowawca klasy 3, , nauczyciel chemii<\/li>\n\n\n\n<li>Pani Magdalena Hryniewicka \u2013 wychowawca klasy 4, j\u0119zyk angielski<\/li>\n\n\n\n<li>Pani Anna Najman \u2013 wychowawca klasy 5, religia, wychowanie do \u017cycia w rodzinie<\/li>\n\n\n\n<li>Pani Ma\u0142gorzata Dobro\u0142owicz \u2013 wychowawca klasy 6, j\u0119zyk polski, historia, wiedza o spo\u0142ecze\u0144stwie<\/li>\n\n\n\n<li>Pani Agnieszka Szyd\u0142owska \u2013 Andrzejewska \u2013 wychowawca klasy 7 &#8211; nauczyciel j. polskiego, zaj\u0119\u0107 korekcyjno-kompensacyjnych, edukacji dla bezpiecze\u0144stwa<\/li>\n\n\n\n<li>Pani Ma\u0142gorzata Siarnik \u2013 wychowawca klasy 8, matematyka<\/li>\n\n\n\n<li>Pan Piotr Jakubowski \u2013 wychowanie fizyczne, biologia<\/li>\n\n\n\n<li>Pani Wioletta Burtowy \u2013 nauczyciel geografii, fizyki, przyrody, zaj\u0119\u0107 dydaktyczno &#8211; wyr\u00f3wnawczych<\/li>\n\n\n\n<li>Pan Karol Burzy\u0144ski \u2013 nauczyciel wspomagaj\u0105cy kl. 7, informatyka, technika, doradztwo zawodowe,<\/li>\n\n\n\n<li>Pani Marta Minkiewicz \u2013 nauczyciel biblioteki, nauczyciel wspomagaj\u0105cy kl. 5<\/li>\n\n\n\n<li>Pani Anna Ka\u017amierczak-Zieli\u0144ska \u2013 pedagog specjalny, nauczyciel wspomagaj\u0105cy kl. 2<\/li>\n\n\n\n<li>Pani Ma\u0142gorzata Nidenko \u2013 nauczyciel wspomagaj\u0105cy kl. 6<\/li>\n\n\n\n<li>\u00a0Pani Ewa Lipska \u2013 logopeda szkolny<\/li>\n\n\n\n<li>Pan Cezary Gliwa \u2013 nauczyciel j\u0119zyka niemieckiego<\/li>\n\n\n\n<li>\u00a0Pani Aleksandra Kuffel \u2013 psycholog szkolny<\/li>\n<\/ol>\n","protected":false},"excerpt":{"rendered":"","protected":false},"author":1,"featured_media":0,"parent":0,"menu_order":0,"comment_status":"closed","ping_status":"closed","template":"","meta":{"footnotes":""},"class_list":["post-30","page","type-page","status-publish","hentry"],"_links":{"self":[{"href":"http:\/\/spwrzosowo.pl\/index.php\/wp-json\/wp\/v2\/pages\/30","targetHints":{"allow":["GET"]}}],"collection":[{"href":"http:\/\/spwrzosowo.pl\/index.php\/wp-json\/wp\/v2\/pages"}],"about":[{"href":"http:\/\/spwrzosowo.pl\/index.php\/wp-json\/wp\/v2\/types\/page"}],"author":[{"embeddable":true,"href":"http:\/\/spwrzosowo.pl\/index.php\/wp-json\/wp\/v2\/users\/1"}],"replies":[{"embeddable":true,"href":"http:\/\/spwrzosowo.pl\/index.php\/wp-json\/wp\/v2\/comments?post=30"}],"version-history":[{"count":2,"href":"http:\/\/spwrzosowo.pl\/index.php\/wp-json\/wp\/v2\/pages\/30\/revisions"}],"predecessor-version":[{"id":538,"href":"http:\/\/spwrzosowo.pl\/index.php\/wp-json\/wp\/v2\/pages\/30\/revisions\/538"}],"wp:attachment":[{"href":"http:\/\/spwrzosowo.pl\/index.php\/wp-json\/wp\/v2\/media?parent=30"}],"curies":[{"name":"wp","href":"https:\/\/api.w.org\/{rel}","templated":true}]}}